{"id":93,"date":"2022-03-21T10:38:57","date_gmt":"2022-03-21T10:38:57","guid":{"rendered":"https:\/\/www.yetistirentur.com.tr\/kurumsal\/?page_id=93"},"modified":"2022-03-21T10:40:56","modified_gmt":"2022-03-21T10:40:56","slug":"hakkimizda","status":"publish","type":"page","link":"https:\/\/www.yetistirentur.com.tr\/kurumsal\/hakkimizda\/","title":{"rendered":"Hakk\u0131m\u0131zda"},"content":{"rendered":"\n<p>&nbsp;Yeti\u015ftiren Turizm Seyahat ve Servis Oranizasyonu Ltd. \u015eti; uzman y\u00f6netici kadrosu, e\u011fitimli personeli, teknoloji ile donat\u0131lm\u0131\u015f konforlu ara\u00e7lar\u0131yla m\u00fc\u015fteri memnuniyetini, kaliteli hizmet anlay\u0131\u015f\u0131n\u0131 ve g\u00fcvenli hizmet vermeyi ama\u00e7lam\u0131\u015ft\u0131r.<\/p>\n\n\n\n<p>1999 y\u0131l\u0131nda Ali Fatih YET\u0130\u015eT\u0130REN olarak ticarette servis hizmeti ile devam etti\u011fimiz y\u0131llarda 1999-2000-2001 \u00f6\u011fretim y\u0131llar\u0131nda Bayrampa\u015fa Anadolu Lisesinin servislerini yapm\u0131\u015ft\u0131r.<\/p>\n\n\n\n<p>Bu y\u0131llarda ana \u00e7al\u0131\u015fma alan\u0131m\u0131z olan spor kul\u00fcplerinin servisine Enka Spor Kul\u00fcb\u00fcnde d\u00fczenlenen ITF ve ATP turnuvalar\u0131n\u0131n servislerini yapm\u0131\u015f ve 2019 y\u0131l\u0131na kadar devam etmi\u015ftir. Uluslararas\u0131 turnuva organizasyonlar\u0131nda Atak\u00f6y y\u00fczme havuzunda Avrupa Junior cup Kule atlama \u015fampiyonas\u0131, Enka Spor Kul\u00fcb\u00fcnde Len Cup, Junior Cup sutopu \u015fampiyonas\u0131, Eczac\u0131ba\u015f\u0131 voleybol A tak\u0131m \u015eampiyonlar ligi ve Final Four servis organizasyonlar\u0131n\u0131 yapm\u0131\u015ft\u0131r. Enka Spor Kul\u00fcb\u00fcn de&nbsp; 21 y\u0131ld\u0131r tek tercih olmu\u015ftur. 2004 y\u0131l\u0131ndan itibaren Enka Spor Kul\u00fcb\u00fc n\u00fcn Yaz Spor okullar\u0131n\u0131n servislerini yapmaktay\u0131z.<\/p>\n\n\n\n<p>2008 y\u0131l\u0131nda kurumsalla\u015farak Yeti\u015ftiren Turizm Seyahat ve Servis Organizasyonu Ltd. \u015eti olarak Enka Spor Kul\u00fcb\u00fc, Eczac\u0131ba\u015f\u0131 Spor Kul\u00fcb\u00fc., Dar\u00fc\u015f\u015fafaka Spor Kul\u00fcb\u00fc, Kar\u015f\u0131yaka Spor Kul\u00fcb\u00fc, Adalar Su Sporlar\u0131 Kul\u00fcb\u00fc, Beykoz Gen\u00e7lik ve Spor Kul\u00fcb\u00fc, Maltepe Gen\u00e7lik Spor Kul\u00fcb\u00fc , Es voleybol Spor Kul\u00fcb\u00fc olmak \u00fczere otuzu a\u015fk\u0131n spor kul\u00fcb\u00fcne, y\u00fczme, sutopu, g\u00fcre\u015f federasyonlar\u0131na vip ve g\u00fcn\u00fcm\u00fcz teknolojileri ile donat\u0131lm\u0131\u015f ara\u00e7 filomuz ile \u015fehir i\u00e7i ve yurt i\u00e7i hizmet veriyoruz.<\/p>\n\n\n\n<p>Hizmet sekt\u00f6r\u00fcn\u00fcn gereklili\u011fi olarak s\u00fcrekli kendimizi geli\u015ftiriyor ve yat\u0131r\u0131mlar yap\u0131yoruz. Kendimizi yenilerken \u00e7evre dostu \u00fcr\u00fcnleri kullanmak, \u00e7evre politikam\u0131z\u0131n temel ilkesidir.<\/p>\n\n\n\n<p>Bir di\u011fer \u00e7al\u0131\u015fma alan\u0131m\u0131z ise personel ta\u015f\u0131mac\u0131l\u0131\u011f\u0131d\u0131r. \u0130t\u00fc lojmanlar\u0131 servisleri, MESS Metal Sanayicileri Odas\u0131 personel servisleri uzun y\u0131llar hizmet verdi\u011fimiz ve \u00e7e\u015fitli K\u00fclt\u00fcr Sanat etkinliklerinin vip servisleri, orkestralar\u0131n \u00f6zel servislerini geni\u015f ara\u00e7 filomuz ile yapmaktay\u0131z.<\/p>\n\n\n\n<p>Faaliyetlerimiz s\u0131ras\u0131nda \u00e7evreye olan sosyal sorumlulu\u011fumuzun bilincinde olarak etkilerimizi en aza indirebilmek \u00fczere gereken \u00f6nlemleri almak bizim i\u00e7in hayati \u00f6nem ta\u015f\u0131maktad\u0131r.<\/p>\n\n\n\n<p>Logomuz ilkelerimizi ifade eder: Sorumluluk, d\u00fcr\u00fcstl\u00fck, emniyetli hizmet ve yenilik\u00e7i yat\u0131r\u0131m.<\/p>\n\n\n\n<p>\u015eirketimiz sosyal uygunluk hizmetlerini ger\u00e7ekle\u015ftirirken, \u00e7al\u0131\u015fanlar\u0131na yasalar\u0131n verdi\u011fi t\u00fcm haklar\u0131 sa\u011flamay\u0131 kabul ve taahh\u00fct eder.<\/p>\n\n\n\n<p>\u0130\u015flerimizi planlarken, hizmet verirken, ili\u015fkilerimizde do\u011fruluk ve d\u00fcr\u00fcstl\u00fck temel de\u011ferimizdir.<\/p>\n\n\n\n<p>Yasal ve etik olan ortamlarda rekabet eder, haks\u0131z rekabetten ka\u00e7\u0131n\u0131r\u0131z.<\/p>\n\n\n\n<p>Yeti\u015ftiren Turizm Ltd. \u015eti olarak ki\u015fi ve kurulu\u015flar\u0131n gizliliklerine ve \u00f6zel bilgilerin korunmas\u0131na \u00f6zen g\u00f6steririz.<\/p>\n\n\n\n<p>Firma olarak yenilik\u00e7i, sorumlu yakla\u015f\u0131m\u0131m\u0131zla ekonomik d\u00fc\u015f\u00fcnce ile insanlara lay\u0131k oldu\u011fu iyi \u015feyleri sunmay\u0131 hedefledik.<\/p>\n","protected":false},"excerpt":{"rendered":"<p>&nbsp;Yeti\u015ftiren Turizm Seyahat ve Servis Oranizasyonu Ltd. \u015eti; uzman y\u00f6netici kadrosu, e\u011fitimli personeli, teknoloji ile donat\u0131lm\u0131\u015f konforlu ara\u00e7lar\u0131yla m\u00fc\u015fteri memnuniyetini, kaliteli hizmet anlay\u0131\u015f\u0131n\u0131 ve g\u00fcvenli hizmet vermeyi ama\u00e7lam\u0131\u015ft\u0131r. 1999 y\u0131l\u0131nda Ali Fatih YET\u0130\u015eT\u0130REN olarak ticarette servis hizmeti ile devam etti\u011fimiz y\u0131llarda 1999-2000-2001 \u00f6\u011fretim y\u0131llar\u0131nda Bayrampa\u015fa Anadolu Lisesinin servislerini yapm\u0131\u015ft\u0131r. Bu y\u0131llarda ana \u00e7al\u0131\u015fma alan\u0131m\u0131z olan [&hellip;]<\/p>\n","protected":false},"author":1,"featured_media":0,"parent":0,"menu_order":0,"comment_status":"closed","ping_status":"closed","template":"","meta":{"footnotes":""},"class_list":["post-93","page","type-page","status-publish","hentry"],"_links":{"self":[{"href":"https:\/\/www.yetistirentur.com.tr\/kurumsal\/wp-json\/wp\/v2\/pages\/93","targetHints":{"allow":["GET"]}}],"collection":[{"href":"https:\/\/www.yetistirentur.com.tr\/kurumsal\/wp-json\/wp\/v2\/pages"}],"about":[{"href":"https:\/\/www.yetistirentur.com.tr\/kurumsal\/wp-json\/wp\/v2\/types\/page"}],"author":[{"embeddable":true,"href":"https:\/\/www.yetistirentur.com.tr\/kurumsal\/wp-json\/wp\/v2\/users\/1"}],"replies":[{"embeddable":true,"href":"https:\/\/www.yetistirentur.com.tr\/kurumsal\/wp-json\/wp\/v2\/comments?post=93"}],"version-history":[{"count":2,"href":"https:\/\/www.yetistirentur.com.tr\/kurumsal\/wp-json\/wp\/v2\/pages\/93\/revisions"}],"predecessor-version":[{"id":96,"href":"https:\/\/www.yetistirentur.com.tr\/kurumsal\/wp-json\/wp\/v2\/pages\/93\/revisions\/96"}],"wp:attachment":[{"href":"https:\/\/www.yetistirentur.com.tr\/kurumsal\/wp-json\/wp\/v2\/media?parent=93"}],"curies":[{"name":"wp","href":"https:\/\/api.w.org\/{rel}","templated":true}]}}