{"id":82,"date":"2022-03-20T09:48:24","date_gmt":"2022-03-20T09:48:24","guid":{"rendered":"https:\/\/www.yetistirentur.com.tr\/kurumsal\/?page_id=82"},"modified":"2022-04-07T20:05:43","modified_gmt":"2022-04-07T20:05:43","slug":"sehir-ici-ve-sehir-disi-ulasim-hizmetlerimiz","status":"publish","type":"page","link":"https:\/\/www.yetistirentur.com.tr\/kurumsal\/sehir-ici-ve-sehir-disi-ulasim-hizmetlerimiz\/","title":{"rendered":"\u015eehir \u0130\u00e7i ve \u015eehir D\u0131\u015f\u0131 Ula\u015f\u0131m Hizmetlerimiz"},"content":{"rendered":"\n<p>Kul\u00fcplerimizin, deplasmanl\u0131 liglerine gidi\u015f geli\u015flerinde minib\u00fcs, midib\u00fcs ve otob\u00fcs gibi \u00e7e\u015fitli kapasitedeki ara\u00e7larla \u015fehirleraras\u0131 hizmetlerimize devam ediyoruz.<\/p>\n\n\n\n<p>Ayr\u0131ca V\u0130P minib\u00fcs veya binek ara\u00e7larla da ki\u015filere \u00f6zel hizmet ta\u015f\u0131mac\u0131l\u0131\u011f\u0131 yapmaktay\u0131z.<\/p>\n","protected":false},"excerpt":{"rendered":"<p>Kul\u00fcplerimizin, deplasmanl\u0131 liglerine gidi\u015f geli\u015flerinde minib\u00fcs, midib\u00fcs ve otob\u00fcs gibi \u00e7e\u015fitli kapasitedeki ara\u00e7larla \u015fehirleraras\u0131 hizmetlerimize devam ediyoruz. Ayr\u0131ca V\u0130P minib\u00fcs veya binek ara\u00e7larla da ki\u015filere \u00f6zel hizmet ta\u015f\u0131mac\u0131l\u0131\u011f\u0131 yapmaktay\u0131z.<\/p>\n","protected":false},"author":1,"featured_media":0,"parent":0,"menu_order":0,"comment_status":"closed","ping_status":"closed","template":"","meta":{"footnotes":""},"class_list":["post-82","page","type-page","status-publish","hentry"],"_links":{"self":[{"href":"https:\/\/www.yetistirentur.com.tr\/kurumsal\/wp-json\/wp\/v2\/pages\/82","targetHints":{"allow":["GET"]}}],"collection":[{"href":"https:\/\/www.yetistirentur.com.tr\/kurumsal\/wp-json\/wp\/v2\/pages"}],"about":[{"href":"https:\/\/www.yetistirentur.com.tr\/kurumsal\/wp-json\/wp\/v2\/types\/page"}],"author":[{"embeddable":true,"href":"https:\/\/www.yetistirentur.com.tr\/kurumsal\/wp-json\/wp\/v2\/users\/1"}],"replies":[{"embeddable":true,"href":"https:\/\/www.yetistirentur.com.tr\/kurumsal\/wp-json\/wp\/v2\/comments?post=82"}],"version-history":[{"count":3,"href":"https:\/\/www.yetistirentur.com.tr\/kurumsal\/wp-json\/wp\/v2\/pages\/82\/revisions"}],"predecessor-version":[{"id":101,"href":"https:\/\/www.yetistirentur.com.tr\/kurumsal\/wp-json\/wp\/v2\/pages\/82\/revisions\/101"}],"wp:attachment":[{"href":"https:\/\/www.yetistirentur.com.tr\/kurumsal\/wp-json\/wp\/v2\/media?parent=82"}],"curies":[{"name":"wp","href":"https:\/\/api.w.org\/{rel}","templated":true}]}}