{"id":79,"date":"2022-03-20T09:46:36","date_gmt":"2022-03-20T09:46:36","guid":{"rendered":"https:\/\/www.yetistirentur.com.tr\/kurumsal\/?page_id=79"},"modified":"2022-04-07T20:11:39","modified_gmt":"2022-04-07T20:11:39","slug":"personel-tasimaciligi","status":"publish","type":"page","link":"https:\/\/www.yetistirentur.com.tr\/kurumsal\/personel-tasimaciligi\/","title":{"rendered":"Personel Ta\u015f\u0131mac\u0131l\u0131\u011f\u0131"},"content":{"rendered":"\n<p>\u0130T\u00dc lojmanlar\u0131nda oturan personelin Ma\u00e7ka ve Taksim Ta\u015fk\u0131\u015fla kamp\u00fcslerine servisleri ile ba\u015flayan personel ta\u015f\u0131mac\u0131l\u0131\u011f\u0131m\u0131z (MESS) metal sanayicileri sanayi personel servis hizmeti ile devam etmi\u015ftir. DOTEKS tekstil personeline servis hizmeti vermeye devam ediyoruz.<\/p>\n","protected":false},"excerpt":{"rendered":"<p>\u0130T\u00dc lojmanlar\u0131nda oturan personelin Ma\u00e7ka ve Taksim Ta\u015fk\u0131\u015fla kamp\u00fcslerine servisleri ile ba\u015flayan personel ta\u015f\u0131mac\u0131l\u0131\u011f\u0131m\u0131z (MESS) metal sanayicileri sanayi personel servis hizmeti ile devam etmi\u015ftir. DOTEKS tekstil personeline servis hizmeti vermeye devam ediyoruz.<\/p>\n","protected":false},"author":1,"featured_media":0,"parent":0,"menu_order":0,"comment_status":"closed","ping_status":"closed","template":"","meta":{"footnotes":""},"class_list":["post-79","page","type-page","status-publish","hentry"],"_links":{"self":[{"href":"https:\/\/www.yetistirentur.com.tr\/kurumsal\/wp-json\/wp\/v2\/pages\/79","targetHints":{"allow":["GET"]}}],"collection":[{"href":"https:\/\/www.yetistirentur.com.tr\/kurumsal\/wp-json\/wp\/v2\/pages"}],"about":[{"href":"https:\/\/www.yetistirentur.com.tr\/kurumsal\/wp-json\/wp\/v2\/types\/page"}],"author":[{"embeddable":true,"href":"https:\/\/www.yetistirentur.com.tr\/kurumsal\/wp-json\/wp\/v2\/users\/1"}],"replies":[{"embeddable":true,"href":"https:\/\/www.yetistirentur.com.tr\/kurumsal\/wp-json\/wp\/v2\/comments?post=79"}],"version-history":[{"count":2,"href":"https:\/\/www.yetistirentur.com.tr\/kurumsal\/wp-json\/wp\/v2\/pages\/79\/revisions"}],"predecessor-version":[{"id":103,"href":"https:\/\/www.yetistirentur.com.tr\/kurumsal\/wp-json\/wp\/v2\/pages\/79\/revisions\/103"}],"wp:attachment":[{"href":"https:\/\/www.yetistirentur.com.tr\/kurumsal\/wp-json\/wp\/v2\/media?parent=79"}],"curies":[{"name":"wp","href":"https:\/\/api.w.org\/{rel}","templated":true}]}}