{"id":72,"date":"2022-03-20T09:27:36","date_gmt":"2022-03-20T09:27:36","guid":{"rendered":"https:\/\/www.yetistirentur.com.tr\/kurumsal\/?page_id=72"},"modified":"2022-04-07T20:10:07","modified_gmt":"2022-04-07T20:10:07","slug":"spor-faaliyet-yazisi","status":"publish","type":"page","link":"https:\/\/www.yetistirentur.com.tr\/kurumsal\/spor-faaliyet-yazisi\/","title":{"rendered":"Spor ,Okul ve Yaz Okulu"},"content":{"rendered":"\n<p>T\u00fcrkiye\u2019nin se\u00e7kin kul\u00fcpleri ve D\u00fcnya da isimleri 1.\u2019lik k\u00fcrs\u00fcs\u00fc i\u00e7in takdim edilmi\u015f, milli bayra\u011f\u0131m\u0131z her kulvarda g\u00f6ndere \u00e7ektiren milli mar\u015f\u0131m\u0131z\u0131 herkese dinleten onur duydu\u011fumuz ba\u015fta Enka spor kul\u00fcb\u00fc ve Eczac\u0131ba\u015f\u0131, Kar\u015f\u0131yaka spor kul\u00fcplerinin ta\u015f\u0131mac\u0131l\u0131\u011f\u0131n\u0131 yapmaktay\u0131z. Adalar su sporlar\u0131 kul\u00fcb\u00fc, \u0130T\u00dc GVO spor kul\u00fcb\u00fc, Es voleybol, I\u015f\u0131k sk, Lima sk, R\u00fczg\u00e2r sk, Yenik\u00f6y \u0130htisas Voleybol sk, Olimpos sk. gibi isimlerini \u00e7o\u011faltabilece\u011fimiz bir \u00e7ok kul\u00fcplere \u015fehir i\u00e7i ve yurt i\u00e7i hizmet vermekteyiz.<\/p>\n\n\n\n<p>\u00c7\u0131nar g\u00fcnd\u00fcz bak\u0131mevi, yuvas\u0131n\u0131n ta\u015f\u0131mac\u0131l\u0131\u011f\u0131n\u0131 yapmaktay\u0131z.<\/p>\n\n\n\n<p>2004 y\u0131l\u0131ndan beri pandemi d\u00f6nemi haricinde ENKA yaz spor okulu ta\u015f\u0131mac\u0131l\u0131\u011f\u0131 yapan tek marka olarak Enka spor kul\u00fcb\u00fcnde, Yaz spor okulunun servis organizasyonu yapmaktay\u0131z.<\/p>\n","protected":false},"excerpt":{"rendered":"<p>T\u00fcrkiye\u2019nin se\u00e7kin kul\u00fcpleri ve D\u00fcnya da isimleri 1.\u2019lik k\u00fcrs\u00fcs\u00fc i\u00e7in takdim edilmi\u015f, milli bayra\u011f\u0131m\u0131z her kulvarda g\u00f6ndere \u00e7ektiren milli mar\u015f\u0131m\u0131z\u0131 herkese dinleten onur duydu\u011fumuz ba\u015fta Enka spor kul\u00fcb\u00fc ve Eczac\u0131ba\u015f\u0131, Kar\u015f\u0131yaka spor kul\u00fcplerinin ta\u015f\u0131mac\u0131l\u0131\u011f\u0131n\u0131 yapmaktay\u0131z. Adalar su sporlar\u0131 kul\u00fcb\u00fc, \u0130T\u00dc GVO spor kul\u00fcb\u00fc, Es voleybol, I\u015f\u0131k sk, Lima sk, R\u00fczg\u00e2r sk, Yenik\u00f6y \u0130htisas Voleybol sk, [&hellip;]<\/p>\n","protected":false},"author":1,"featured_media":0,"parent":0,"menu_order":0,"comment_status":"closed","ping_status":"closed","template":"","meta":{"footnotes":""},"class_list":["post-72","page","type-page","status-publish","hentry"],"_links":{"self":[{"href":"https:\/\/www.yetistirentur.com.tr\/kurumsal\/wp-json\/wp\/v2\/pages\/72","targetHints":{"allow":["GET"]}}],"collection":[{"href":"https:\/\/www.yetistirentur.com.tr\/kurumsal\/wp-json\/wp\/v2\/pages"}],"about":[{"href":"https:\/\/www.yetistirentur.com.tr\/kurumsal\/wp-json\/wp\/v2\/types\/page"}],"author":[{"embeddable":true,"href":"https:\/\/www.yetistirentur.com.tr\/kurumsal\/wp-json\/wp\/v2\/users\/1"}],"replies":[{"embeddable":true,"href":"https:\/\/www.yetistirentur.com.tr\/kurumsal\/wp-json\/wp\/v2\/comments?post=72"}],"version-history":[{"count":4,"href":"https:\/\/www.yetistirentur.com.tr\/kurumsal\/wp-json\/wp\/v2\/pages\/72\/revisions"}],"predecessor-version":[{"id":102,"href":"https:\/\/www.yetistirentur.com.tr\/kurumsal\/wp-json\/wp\/v2\/pages\/72\/revisions\/102"}],"wp:attachment":[{"href":"https:\/\/www.yetistirentur.com.tr\/kurumsal\/wp-json\/wp\/v2\/media?parent=72"}],"curies":[{"name":"wp","href":"https:\/\/api.w.org\/{rel}","templated":true}]}}